{"id":2,"date":"2016-05-10T03:48:21","date_gmt":"2016-05-10T03:48:21","guid":{"rendered":"http:\/\/maz-research.com\/?page_id=2"},"modified":"2020-03-28T11:21:21","modified_gmt":"2020-03-28T11:21:21","slug":"sample-page","status":"publish","type":"page","link":"https:\/\/maz-research.com\/?page_id=2","title":{"rendered":"Imprint \/\/ Impressum"},"content":{"rendered":"<h2>Imprint introduction \/\/ Impressum-Einf\u00fchrung<\/h2>\n<ul>\n<li>English: Publications by Martin Azzouni, M.Sc. [TU Munich] about research topics with focus on product development \/ medical &amp; human factors engineering \/ transportation science \/ logistics systems \/ respective interdisciplinary fields. Contakt via: martin.azzouni@t-online.de<\/li>\n<li>Deutsch: Ver\u00f6ffentlichungen durch Martin Azzouni, Dipl.-Ing. [TU M\u00fcnchen] \u00fcber Forschungsthemen mit Fokus auf Produktentwicklung \/ Medizintechnik &amp; Ergonomiewissenschaften \/ Transportwissenschaften \/ Logistiksysteme \/ respektive interdisziplin\u00e4re Themenfelder. Kontakt via: martin.azzouni@t-online.de<\/li>\n<li>English: With the German law, \u00a75 Telemediengesetz (TMG) &amp; \u00a755 Rundfunkstaatsvertrag (RStV), this private research blog is unpledged to publish an address &amp; respective data because readers can read for free &amp; at no charge at any time.<\/li>\n<li>Deutsch: Nach Deutschem Gesetz, \u00a75 Telemediengesetz (TMG) &amp; \u00a755 Rundfunkstaatsvertrag (RStV), ist dieser private Blog nicht verpflichtet Adressen oder respektive Daten zu ver\u00f6ffentlichen, da Leser zu jeder Zeit stets kosenfrei diesen Blog nutzen k\u00f6nnen.<\/li>\n<\/ul>\n<h2>Datenschutzerkl\u00e4rung (German only)<\/h2>\n<p>Personenbezogene Daten (nachfolgend zumeist nur \u201eDaten\u201c genannt) werden von uns nur im Rahmen der Erforderlichkeit sowie zum Zwecke der Bereitstellung eines funktionsf\u00e4higen und nutzerfreundlichen Internetauftritts, inklusive seiner Inhalte und der dort angebotenen Leistungen, verarbeitet.<\/p>\n<p>Gem\u00e4\u00df Art. 4 Ziffer 1. der Verordnung (EU) 2016\/679, also der Datenschutz-Grundverordnung (nachfolgend nur \u201eDSGVO\u201c genannt), gilt als \u201eVerarbeitung\u201c jeder mit oder ohne Hilfe automatisierter Verfahren ausgef\u00fchrter Vorgang oder jede solche Vorgangsreihe im Zusammenhang mit personenbezogenen Daten, wie das Erheben, das Erfassen, die Organisation, das Ordnen, die Speicherung, die Anpassung oder Ver\u00e4nderung, das Auslesen, das Abfragen, die Verwendung, die Offenlegung durch \u00dcbermittlung, Verbreitung oder eine andere Form der Bereitstellung, den Abgleich oder die Verkn\u00fcpfung, die Einschr\u00e4nkung, das L\u00f6schen oder die Vernichtung.<\/p>\n<p>Mit der nachfolgenden Datenschutzerkl\u00e4rung informieren wir Sie insbesondere \u00fcber Art, Umfang, Zweck, Dauer und Rechtsgrundlage der Verarbeitung personenbezogener Daten, soweit wir entweder allein oder gemeinsam mit anderen \u00fcber die Zwecke und Mittel der Verarbeitung entscheiden. Zudem informieren wir Sie nachfolgend \u00fcber die von uns zu Optimierungszwecken sowie zur Steigerung der Nutzungsqualit\u00e4t eingesetzten Fremdkomponenten, soweit hierdurch Dritte Daten in wiederum eigener Verantwortung verarbeiten.<\/p>\n<p>Unsere Datenschutzerkl\u00e4rung ist wie folgt gegliedert:<\/p>\n<p>I. Informationen \u00fcber uns als Verantwortliche<br \/>\nII. Rechte der Nutzer und Betroffenen<br \/>\nIII. Informationen zur Datenverarbeitung<\/p>\n<h3>I. Informationen \u00fcber uns als Verantwortliche<\/h3>\n<p>Verantwortlicher Anbieter dieses Internetauftritts im datenschutzrechtlichen Sinne sowie Datenschutzbeauftragter f\u00fcr maz-research.com ist:<\/p>\n<p>Martin Azzouni,<\/p>\n<p>Dipl.-Ing. \/ M.Sc. M.E. [TU M\u00fcnchen]<\/p>\n<p>M.Sc. M.E. &amp; Mgmt. [TU Munich]<\/p>\n<p>Kontakt via: martin.azzouni@t-online.de<\/p>\n<h3>II. Rechte der Nutzer und Betroffenen<\/h3>\n<p>Mit Blick auf die nachfolgend noch n\u00e4her beschriebene Datenverarbeitung haben die Nutzer und Betroffenen das Recht<\/p>\n<ul>\n<li>auf Best\u00e4tigung, ob sie betreffende Daten verarbeitet werden, auf Auskunft \u00fcber die verarbeiteten Daten, auf weitere Informationen \u00fcber die Datenverarbeitung sowie auf Kopien der Daten (vgl. auch Art. 15 DSGVO);<\/li>\n<li>auf Berichtigung oder Vervollst\u00e4ndigung unrichtiger bzw. unvollst\u00e4ndiger Daten (vgl. auch Art. 16 DSGVO);<\/li>\n<li>auf unverz\u00fcgliche L\u00f6schung der sie betreffenden Daten (vgl. auch Art. 17 DSGVO), oder, alternativ, soweit eine weitere Verarbeitung gem\u00e4\u00df Art. 17 Abs. 3 DSGVO erforderlich ist, auf Einschr\u00e4nkung der Verarbeitung nach Ma\u00dfgabe von Art. 18 DSGVO;<\/li>\n<li>auf Erhalt der sie betreffenden und von ihnen bereitgestellten Daten und auf \u00dcbermittlung dieser Daten an andere Anbieter\/Verantwortliche (vgl. auch Art. 20 DSGVO);<\/li>\n<li>auf Beschwerde gegen\u00fcber der Aufsichtsbeh\u00f6rde, sofern sie der Ansicht sind, dass die sie betreffenden Daten durch den Anbieter unter Versto\u00df gegen datenschutzrechtliche Bestimmungen verarbeitet werden (vgl. auch Art. 77 DSGVO).<\/li>\n<\/ul>\n<p>Dar\u00fcber hinaus ist der Anbieter dazu verpflichtet, alle Empf\u00e4nger, denen gegen\u00fcber Daten durch den Anbieter offengelegt worden sind, \u00fcber jedwede Berichtigung oder L\u00f6schung von Daten oder die Einschr\u00e4nkung der Verarbeitung, die aufgrund der Artikel 16, 17 Abs. 1, 18 DSGVO erfolgt, zu unterrichten. Diese Verpflichtung besteht jedoch nicht, soweit diese Mitteilung unm\u00f6glich oder mit einem unverh\u00e4ltnism\u00e4\u00dfigen Aufwand verbunden ist. Unbeschadet dessen hat der Nutzer ein Recht auf Auskunft \u00fcber diese Empf\u00e4nger.<\/p>\n<p><strong>Ebenfalls haben die Nutzer und Betroffenen nach Art. 21 DSGVO das Recht auf Widerspruch gegen die k\u00fcnftige Verarbeitung der sie betreffenden Daten, sofern die Daten durch den Anbieter nach Ma\u00dfgabe von Art. 6 Abs. 1 lit. f) DSGVO verarbeitet werden. Insbesondere ist ein Widerspruch gegen die Datenverarbeitung zum Zwecke der Direktwerbung statthaft.<\/strong><\/p>\n<h3>III. Informationen zur Datenverarbeitung<\/h3>\n<p>Ihre bei Nutzung unseres Internetauftritts verarbeiteten Daten werden gel\u00f6scht oder gesperrt, sobald der Zweck der Speicherung entf\u00e4llt, der L\u00f6schung der Daten keine gesetzlichen Aufbewahrungspflichten entgegenstehen und nachfolgend keine anderslautenden Angaben zu einzelnen Verarbeitungsverfahren gemacht werden.<\/p>\n<h4>Nutzerbeitr\u00e4ge, Kommentare und Bewertungen<\/h4>\n<p>Wir bieten Ihnen an, auf unseren Internetseiten Fragen, Antworten, Meinungen oder Bewertungen, nachfolgend nur \u201eBeitr\u00e4ge genannt, zu ver\u00f6ffentlichen. Sofern Sie dieses Angebot in Anspruch nehmen, verarbeiten und ver\u00f6ffentlichen wir Ihren Beitrag, Datum und Uhrzeit der Einreichung sowie das von Ihnen ggf. genutzte Pseudonym.<\/p>\n<p>Rechtsgrundlage hierbei ist Art. 6 Abs. 1 lit. a) DSGVO. Die Einwilligung k\u00f6nnen Sie gem\u00e4\u00df Art. 7 Abs. 3 DSGVO jederzeit mit Wirkung f\u00fcr die Zukunft widerrufen. Hierzu m\u00fcssen Sie uns lediglich \u00fcber Ihren Widerruf in Kenntnis setzen.<\/p>\n<p>Dar\u00fcber hinaus verarbeiten wir auch Ihre IP- und E-Mail-Adresse. Die IP-Adresse wird verarbeitet, weil wir ein berechtigtes Interesse daran haben, weitere Schritte einzuleiten oder zu unterst\u00fctzen, sofern Ihr Beitrag in Rechte Dritter eingreift und\/oder er sonst wie rechtswidrig erfolgt.<\/p>\n<p>Rechtsgrundlage ist in diesem Fall Art. 6 Abs. 1 lit. f) DSGVO. Unser berechtigtes Interesse liegt in der ggf. notwendigen Rechtsverteidigung.<\/p>\n<h4>Abonnement von Beitr\u00e4gen<\/h4>\n<p>Sofern Sie Beitr\u00e4ge auf unseren Internetseiten ver\u00f6ffentlichen, bieten wir Ihnen zus\u00e4tzlich an, etwaige Folgebeitr\u00e4ge Dritter zu abonnieren. Um Sie \u00fcber diese Folgebeitr\u00e4ge per E-Mail informieren zu k\u00f6nnen, verarbeiten wir Ihre E-Mail-Adresse.<\/p>\n<p>Rechtsgrundlage hierbei ist Art. 6 Abs. 1 lit. a) DSGVO. Die Einwilligung in dieses Abonnement k\u00f6nnen Sie gem\u00e4\u00df Art. 7 Abs. 3 DSGVO jederzeit mit Wirkung f\u00fcr die Zukunft widerrufen. Hierzu m\u00fcssen Sie uns lediglich \u00fcber Ihren Widerruf in Kenntnis setzen oder den in der jeweiligen E-Mail enthaltenen Abmeldelink bet\u00e4tigen.<\/p>\n","protected":false},"excerpt":{"rendered":"<p>Imprint introduction \/\/ Impressum-Einf\u00fchrung English: Publications by Martin Azzouni, M.Sc. [TU Munich] about research topics with focus on product development \/ medical &amp; human factors engineering \/ transportation science \/ logistics systems \/ respective interdisciplinary fields. Contakt via: martin.azzouni@t-online.de Deutsch: Ver\u00f6ffentlichungen durch Martin Azzouni, Dipl.-Ing. [TU M\u00fcnchen] \u00fcber Forschungsthemen mit Fokus auf Produktentwicklung \/ Medizintechnik &hellip; <a href=\"https:\/\/maz-research.com\/?page_id=2\" class=\"more-link\"><span class=\"screen-reader-text\">Imprint \/\/ Impressum<\/span> weiterlesen<\/a><\/p>\n","protected":false},"author":1,"featured_media":0,"parent":0,"menu_order":0,"comment_status":"closed","ping_status":"open","template":"","meta":{"footnotes":""},"class_list":["post-2","page","type-page","status-publish","hentry"],"_links":{"self":[{"href":"https:\/\/maz-research.com\/index.php?rest_route=\/wp\/v2\/pages\/2","targetHints":{"allow":["GET"]}}],"collection":[{"href":"https:\/\/maz-research.com\/index.php?rest_route=\/wp\/v2\/pages"}],"about":[{"href":"https:\/\/maz-research.com\/index.php?rest_route=\/wp\/v2\/types\/page"}],"author":[{"embeddable":true,"href":"https:\/\/maz-research.com\/index.php?rest_route=\/wp\/v2\/users\/1"}],"replies":[{"embeddable":true,"href":"https:\/\/maz-research.com\/index.php?rest_route=%2Fwp%2Fv2%2Fcomments&post=2"}],"version-history":[{"count":13,"href":"https:\/\/maz-research.com\/index.php?rest_route=\/wp\/v2\/pages\/2\/revisions"}],"predecessor-version":[{"id":82,"href":"https:\/\/maz-research.com\/index.php?rest_route=\/wp\/v2\/pages\/2\/revisions\/82"}],"wp:attachment":[{"href":"https:\/\/maz-research.com\/index.php?rest_route=%2Fwp%2Fv2%2Fmedia&parent=2"}],"curies":[{"name":"wp","href":"https:\/\/api.w.org\/{rel}","templated":true}]}}